{"id":18,"date":"2016-11-26T14:46:17","date_gmt":"2016-11-26T13:46:17","guid":{"rendered":"http:\/\/www.blau-gold-roecke.de\/page\/?page_id=18"},"modified":"2024-01-22T18:20:45","modified_gmt":"2024-01-22T17:20:45","slug":"home","status":"publish","type":"page","link":"http:\/\/www.blau-gold-roecke.de\/page\/","title":{"rendered":"Home"},"content":{"rendered":"<p style=\"text-align: left;\">Herzlich Willkommen auf den Seiten des TSC Blau-Gold R\u00f6cke e.V. in B\u00fcckeburg. TSC &#8211; der Tanz &#8211; Sport &#8211; Club f\u00fcr die ganze Familie. Unser Verein wurde 1988 gegr\u00fcndet und es dreht sich bei uns alles um das Tanzen. Wir bieten in den Sparten verschiedene Tanzrichtungen und Stile an. Vielleicht ist auch f\u00fcr Sie oder Euch etwas dabei. \u00dcber die Navigation oben k\u00f6nnen Sie sich (oder ihr Euch) durch die verschiedenen Sparten und Tanzrichtungen klicken und informieren. Vielleicht erfasst dann auch Sie (oder Euch) die Tanzlust!<\/p>\n<p><strong>Unser Motto : In jedem steckt ein guter T\u00e4nzer \u2013 wir holen ihn raus!<\/strong> Viel Spa\u00df auf unseren Seiten&#8230;.. Wenn Sie mal tanzen lassen m\u00f6chten&#8230; wir bieten ein R&#8217;n&#8217;R- \/ Boogie-Woogie-<a href=\"http:\/\/www.blau-gold-roecke.de\/page\/showprogramm\/\">Showprogramm<\/a> f\u00fcr jeden Anlass!<\/p>\n<h2><span style=\"color: #0000ff;\"><strong><a style=\"color: #0000ff;\" title=\"Spenden\" href=\"http:\/\/www.blau-gold-roecke.de\/page\/spenden-und-helfen\/\" target=\"_blank\" rel=\"noopener\">Unterst\u00fctzung des Vereins<\/a><\/strong><\/span><\/h2>\n<p><a href=\"http:\/\/www.blau-gold-roecke.de\/page\/rockn-rollboogie\/\"><img loading=\"lazy\" decoding=\"async\" class=\"wp-image-93 alignleft\" src=\"http:\/\/www.blau-gold-roecke.de\/page\/wp-content\/uploads\/2016\/11\/Isy-Kevin-sw-kl.jpg\" alt=\"isy-kevin-sw-kl\" width=\"209\" height=\"249\"><\/a><a href=\"http:\/\/www.blau-gold-roecke.de\/page\/wp-content\/uploads\/2019\/09\/P1060032_grau.jpg\"><img loading=\"lazy\" decoding=\"async\" class=\"wp-image-5931 size-medium alignright\" src=\"http:\/\/www.blau-gold-roecke.de\/page\/wp-content\/uploads\/2019\/09\/P1060032_grau-300x225.jpg\" alt=\"\" width=\"300\" height=\"225\" srcset=\"http:\/\/www.blau-gold-roecke.de\/page\/wp-content\/uploads\/2019\/09\/P1060032_grau-300x225.jpg 300w, http:\/\/www.blau-gold-roecke.de\/page\/wp-content\/uploads\/2019\/09\/P1060032_grau-768x576.jpg 768w, http:\/\/www.blau-gold-roecke.de\/page\/wp-content\/uploads\/2019\/09\/P1060032_grau-1024x768.jpg 1024w, http:\/\/www.blau-gold-roecke.de\/page\/wp-content\/uploads\/2019\/09\/P1060032_grau-624x468.jpg 624w\" sizes=\"auto, (max-width: 300px) 100vw, 300px\" \/><\/a><\/p>\n<p>&nbsp;<\/p>\n<p>&nbsp;<\/p>\n<p>&nbsp;<\/p>\n<p>&nbsp;<\/p>\n<p>&nbsp;<\/p>\n<p>&nbsp;<\/p>\n<p><a href=\"https:\/\/calendar.google.com\/calendar\/embed?src=5j7or8poip211f9k9kb3kl1000%40group.calendar.google.com&amp;ctz=Europe%2FBerlin\" target=\"_blank\" rel=\"noopener\"><strong><img loading=\"lazy\" decoding=\"async\" class=\"alignnone wp-image-8036 size-thumbnail\" src=\"http:\/\/www.blau-gold-roecke.de\/page\/wp-content\/uploads\/2022\/01\/Kalender-150x150.png\" alt=\"Google Kalender TSC\" width=\"150\" height=\"150\" srcset=\"http:\/\/www.blau-gold-roecke.de\/page\/wp-content\/uploads\/2022\/01\/Kalender-150x150.png 150w, http:\/\/www.blau-gold-roecke.de\/page\/wp-content\/uploads\/2022\/01\/Kalender.png 220w\" sizes=\"auto, (max-width: 150px) 100vw, 150px\" \/> Link zum Google-Kalender des TSC<\/strong><\/a><\/p>\n<p><strong>Neue Vereinsapp:<\/strong><\/p>\n<p><a href=\"http:\/\/www.blau-gold-roecke.de\/page\/tanzclub-app\/\" target=\"_blank\" rel=\"noopener\"><img loading=\"lazy\" decoding=\"async\" class=\"alignnone wp-image-8857 size-medium\" src=\"http:\/\/www.blau-gold-roecke.de\/page\/wp-content\/uploads\/2024\/01\/44BDA320-8C8E-4D03-B80C-22D31CC1D7ED-300x173.jpeg\" alt=\"\" width=\"300\" height=\"173\" srcset=\"http:\/\/www.blau-gold-roecke.de\/page\/wp-content\/uploads\/2024\/01\/44BDA320-8C8E-4D03-B80C-22D31CC1D7ED-300x173.jpeg 300w, http:\/\/www.blau-gold-roecke.de\/page\/wp-content\/uploads\/2024\/01\/44BDA320-8C8E-4D03-B80C-22D31CC1D7ED-1024x589.jpeg 1024w, http:\/\/www.blau-gold-roecke.de\/page\/wp-content\/uploads\/2024\/01\/44BDA320-8C8E-4D03-B80C-22D31CC1D7ED-768x442.jpeg 768w, http:\/\/www.blau-gold-roecke.de\/page\/wp-content\/uploads\/2024\/01\/44BDA320-8C8E-4D03-B80C-22D31CC1D7ED-1536x883.jpeg 1536w, http:\/\/www.blau-gold-roecke.de\/page\/wp-content\/uploads\/2024\/01\/44BDA320-8C8E-4D03-B80C-22D31CC1D7ED-2048x1178.jpeg 2048w, http:\/\/www.blau-gold-roecke.de\/page\/wp-content\/uploads\/2024\/01\/44BDA320-8C8E-4D03-B80C-22D31CC1D7ED-624x359.jpeg 624w\" sizes=\"auto, (max-width: 300px) 100vw, 300px\" \/><\/a><\/p>\n<p>&nbsp;<\/p>\n","protected":false},"excerpt":{"rendered":"<p>Herzlich Willkommen auf den Seiten des TSC Blau-Gold R\u00f6cke e.V. in B\u00fcckeburg. TSC &#8211; der Tanz &#8211; Sport &#8211; Club f\u00fcr die ganze Familie. Unser Verein wurde 1988 gegr\u00fcndet und es dreht sich bei uns alles um das Tanzen. Wir bieten in den Sparten verschiedene Tanzrichtungen und Stile an. Vielleicht ist auch f\u00fcr Sie oder [&hellip;]<\/p>\n","protected":false},"author":1,"featured_media":0,"parent":0,"menu_order":0,"comment_status":"closed","ping_status":"closed","template":"","meta":{"ngg_post_thumbnail":0,"footnotes":""},"class_list":["post-18","page","type-page","status-publish","hentry"],"_links":{"self":[{"href":"http:\/\/www.blau-gold-roecke.de\/page\/wp-json\/wp\/v2\/pages\/18","targetHints":{"allow":["GET"]}}],"collection":[{"href":"http:\/\/www.blau-gold-roecke.de\/page\/wp-json\/wp\/v2\/pages"}],"about":[{"href":"http:\/\/www.blau-gold-roecke.de\/page\/wp-json\/wp\/v2\/types\/page"}],"author":[{"embeddable":true,"href":"http:\/\/www.blau-gold-roecke.de\/page\/wp-json\/wp\/v2\/users\/1"}],"replies":[{"embeddable":true,"href":"http:\/\/www.blau-gold-roecke.de\/page\/wp-json\/wp\/v2\/comments?post=18"}],"version-history":[{"count":75,"href":"http:\/\/www.blau-gold-roecke.de\/page\/wp-json\/wp\/v2\/pages\/18\/revisions"}],"predecessor-version":[{"id":8868,"href":"http:\/\/www.blau-gold-roecke.de\/page\/wp-json\/wp\/v2\/pages\/18\/revisions\/8868"}],"wp:attachment":[{"href":"http:\/\/www.blau-gold-roecke.de\/page\/wp-json\/wp\/v2\/media?parent=18"}],"curies":[{"name":"wp","href":"https:\/\/api.w.org\/{rel}","templated":true}]}}