{"id":192,"date":"2016-12-04T12:12:49","date_gmt":"2016-12-04T11:12:49","guid":{"rendered":"http:\/\/www.blau-gold-roecke.de\/page\/?page_id=192"},"modified":"2024-01-22T18:29:32","modified_gmt":"2024-01-22T17:29:32","slug":"tanzclub-app","status":"publish","type":"page","link":"http:\/\/www.blau-gold-roecke.de\/page\/tanzclub-app\/","title":{"rendered":"Tanzclub App"},"content":{"rendered":"<p><span style=\"color: #000000;\"><span style=\"font-family: Arial, serif;\"><span style=\"font-size: medium;\"><span style=\"color: #1f497d;\"><span style=\"font-size: large;\"><b>Mit App Chancen der Digitalisierung nutzen<\/b><\/span><\/span><\/span><\/span><\/span><\/p>\n<p><span style=\"color: #000000;\"> <span style=\"font-family: Arial, serif;\"><span style=\"font-size: medium;\"><span style=\"color: #808080;\"><span style=\"font-size: small;\"><b>Der TSC Blau-Gold R\u00f6cke e.V. <\/b><\/span><\/span><span style=\"color: #808080;\"><span style=\"font-size: small;\"><b>ver\u00f6ffentlicht eigene App<\/b><\/span><\/span><\/span><\/span><\/span><\/p>\n<p class=\"western\" align=\"justify\"><span style=\"font-family: Arial, serif;\"><span style=\"font-size: small;\">Es geht voran mit der Digitalisierung. \u201eMit der Ver\u00f6ffentlichung der eigenen App <\/span><\/span><span style=\"font-family: Arial, serif;\"><span style=\"font-size: small;\">des <\/span><\/span><span style=\"font-family: Arial, serif;\"><span style=\"font-size: small;\">TSC Blau-Gold R\u00f6cke e.V.<\/span><\/span><span style=\"font-family: Arial, serif;\"><span style=\"font-size: small;\"> wurde ein wertvolles <\/span><\/span><span style=\"color: #1f497d;\"><span style=\"font-family: Arial, serif;\"><span style=\"font-size: small;\"><b>Service- und Kommunikationsmedium<\/b><\/span><\/span><\/span> <span style=\"font-family: Arial, serif;\"><span style=\"font-size: small;\">geschaffen, um die Chancen der Digitalisierung zu nutzen\u201c! <\/span><\/span><\/p>\n<p align=\"justify\"><span style=\"color: #000000;\">\u201e<span style=\"font-family: Arial, serif;\"><span style=\"font-size: medium;\"><span style=\"font-size: small;\">Dabei ist die eigene App viel mehr als ein weiterer Social Media Kanal, denn hier werden Informationen und die Kommunikation auf der eigenen Plattform geb\u00fcndelt. Daneben kann die App als kleiner Helfer f\u00fcr zahlreiche Anwendungsf\u00e4lle unsere Prozesse vereinfachen\u201c.<\/span><\/span><\/span><\/span><\/p>\n<p align=\"left\"><span style=\"color: #000000;\"><span style=\"font-family: Arial, serif;\"><span style=\"font-size: medium;\"><span style=\"font-size: small;\">Mit eigenen <\/span><span style=\"font-size: small;\">News- und Push-Kan\u00e4len, Terminkalender mit Anmeldefunktion, eigenem DSGVO konformen Chat und Videostreaming, Ansprechpartnern, digitaler Karte, Schwarzen Brett, Problemmelder, Fan-Reporter, Event-Modul, Sponsorenplattfor<\/span><span style=\"font-size: small;\">m<\/span><span style=\"font-size: small;\">, Social-Media- Integration, digitaler Gesch\u00e4ftsstelle, Medien- u. Dokumenten-verwaltung, eigenem CMS und Benutzerverwaltung und gesch\u00fctzten Bereichen <\/span><span style=\"font-size: small;\">bieten sich zahlreiche neue M\u00f6glichkeiten.<\/span><\/span><\/span><\/span><\/p>\n<p align=\"justify\"><span style=\"color: #000000;\"><span style=\"font-family: Arial, serif;\"><span style=\"font-size: medium;\"><span style=\"font-size: small;\">Konzipiert und entwickelt wurde die App zusammen mit der vmapit GmbH, die <\/span><span style=\"font-size: small;\">den<\/span><span style=\"font-size: small;\">TSC Blau-Gold R\u00f6cke e.V.<\/span> <span style=\"font-size: small;\">langfristig als Partner und Technologiesponsor unterst\u00fctzt. Gemeinsam mit dem Deutschen Olympischen Sportbund (DOSB), der Aktion \u201eSportdeutschland die Vereinsapp\u201c und Stifter-Helfen f\u00f6rdert die vmapit GmbH Digitalisierungsbestrebungen insb. die individuelle <\/span><span style=\"color: #1f497d;\"><span style=\"font-size: small;\"><b>Entwicklung<\/b><\/span><\/span><span style=\"font-size: small;\"> und den Betrieb eigener<\/span><b> <\/b><span style=\"color: #1f497d;\"><span style=\"font-size: small;\"><b>App-Projekte<\/b><\/span><\/span><span style=\"font-size: small;\">. Dies mit dem Ziel die T\u00e4tigkeit von Vereinen und Non-Profit-Organisationen und das ehrenamtliche Engagement vor Ort zu st\u00e4rken.<\/span><\/span><\/span><\/span><\/p>\n<p align=\"justify\"><span style=\"color: #000000;\"><span style=\"font-family: Arial, serif;\"><span style=\"font-size: medium;\"><span style=\"font-size: small;\">Die neue App findet sich zum <\/span><span style=\"color: #1f497d;\"><span style=\"font-size: small;\"><b>Download<\/b><\/span><\/span><b> <\/b><span style=\"font-size: small;\">jeweils im Play-Store von Google oder App-Store von Apple, einfach downloaden und ausprobieren!<\/span><\/span><\/span><\/span><\/p>\n<p align=\"justify\"><span style=\"color: #1f497d;\"><span style=\"font-size: small;\"><b>Herausgeber:<\/b><\/span><\/span><span style=\"color: #1f497d;\"><span style=\"font-size: small;\"> Herausgeber der App ist <\/span><\/span><span style=\"color: #1f497d;\"><span style=\"font-size: small;\">der TSC Blau-Gold R\u00f6cke e.V. <\/span><\/span><\/p>\n<p align=\"justify\"><span style=\"color: #1f497d;\"><span style=\"font-size: small;\"><b>App-F\u00f6rderung:<\/b><\/span><\/span><span style=\"color: #1f497d;\"><span style=\"font-size: small;\"> Die F\u00f6rderung durch den DOSB, Stifter Helfen und die vmapit GmbH richtet sich an alle Vereine und Non-Profit-Organisationen. Dabei werden alle Kosten f\u00fcr die Beratung, Konzeption, Entwicklung, Design und Ver\u00f6ffentlichung der individuellen App f\u00fcr die Betriebssysteme Android- und iOS-App (iPhone) vollst\u00e4ndig \u00fcbernommen. Lediglich ein Anteil an den laufenden technischen Betriebs- und Updatekosten ist durch den Herausgeber selbst zu tragen. Detaillierte Informationen dazu finden Sie auf den F\u00f6rderprojektseiten: <a href=\"https:\/\/vereinsapp.sportdeutschland.de\/\">https:\/\/vereinsapp.sportdeutschland.de<\/a> bzw. <a href=\"https:\/\/vereine.appack.de\/\">https:\/\/vereine.appack.de<\/a> oder direkt via. Email an: <a href=\"mailto:support@appack.de\">support@appack.de<\/a> oder via. Tel. unter: 0621-15028215<\/span><\/span><\/p>\n<p style=\"text-align: center;\" align=\"justify\"><a href=\"https:\/\/appack.de\/portal\/advertise\/embed-frame-v2\/TSC-Blau-Gold-Roecke\" target=\"_blank\" rel=\"noopener\"><img loading=\"lazy\" decoding=\"async\" class=\"wp-image-8857 size-medium aligncenter\" src=\"http:\/\/www.blau-gold-roecke.de\/page\/wp-content\/uploads\/2024\/01\/44BDA320-8C8E-4D03-B80C-22D31CC1D7ED-300x173.jpeg\" alt=\"\" width=\"300\" height=\"173\" srcset=\"http:\/\/www.blau-gold-roecke.de\/page\/wp-content\/uploads\/2024\/01\/44BDA320-8C8E-4D03-B80C-22D31CC1D7ED-300x173.jpeg 300w, http:\/\/www.blau-gold-roecke.de\/page\/wp-content\/uploads\/2024\/01\/44BDA320-8C8E-4D03-B80C-22D31CC1D7ED-1024x589.jpeg 1024w, http:\/\/www.blau-gold-roecke.de\/page\/wp-content\/uploads\/2024\/01\/44BDA320-8C8E-4D03-B80C-22D31CC1D7ED-768x442.jpeg 768w, http:\/\/www.blau-gold-roecke.de\/page\/wp-content\/uploads\/2024\/01\/44BDA320-8C8E-4D03-B80C-22D31CC1D7ED-1536x883.jpeg 1536w, http:\/\/www.blau-gold-roecke.de\/page\/wp-content\/uploads\/2024\/01\/44BDA320-8C8E-4D03-B80C-22D31CC1D7ED-2048x1178.jpeg 2048w, http:\/\/www.blau-gold-roecke.de\/page\/wp-content\/uploads\/2024\/01\/44BDA320-8C8E-4D03-B80C-22D31CC1D7ED-624x359.jpeg 624w\" sizes=\"auto, (max-width: 300px) 100vw, 300px\" \/><\/a><strong><span style=\"color: #ff0000;\">Zum Installieren einfach auf das Bild oben klicken!<br \/>\n<\/span><\/strong><span style=\"color: #ff0000;\">(anschlie\u00dfend einfach auf den jeweiligen App-Store oder den QR-Code scannen)<br \/>\n<\/span><\/p>\n<button class='pum-trigger  popmake-7827  ' data-do-default=''>Profile in der neuen Vereinsapp &#8211; Bitte ANKLICKEN!<\/button>\n<p>&nbsp;<\/p>\n","protected":false},"excerpt":{"rendered":"<p>Mit App Chancen der Digitalisierung nutzen Der TSC Blau-Gold R\u00f6cke e.V. ver\u00f6ffentlicht eigene App Es geht voran mit der Digitalisierung. \u201eMit der Ver\u00f6ffentlichung der eigenen App des TSC Blau-Gold R\u00f6cke e.V. wurde ein wertvolles Service- und Kommunikationsmedium geschaffen, um die Chancen der Digitalisierung zu nutzen\u201c! \u201eDabei ist die eigene App viel mehr als ein weiterer [&hellip;]<\/p>\n","protected":false},"author":1,"featured_media":0,"parent":0,"menu_order":0,"comment_status":"closed","ping_status":"closed","template":"","meta":{"ngg_post_thumbnail":0,"footnotes":""},"class_list":["post-192","page","type-page","status-publish","hentry"],"_links":{"self":[{"href":"http:\/\/www.blau-gold-roecke.de\/page\/wp-json\/wp\/v2\/pages\/192","targetHints":{"allow":["GET"]}}],"collection":[{"href":"http:\/\/www.blau-gold-roecke.de\/page\/wp-json\/wp\/v2\/pages"}],"about":[{"href":"http:\/\/www.blau-gold-roecke.de\/page\/wp-json\/wp\/v2\/types\/page"}],"author":[{"embeddable":true,"href":"http:\/\/www.blau-gold-roecke.de\/page\/wp-json\/wp\/v2\/users\/1"}],"replies":[{"embeddable":true,"href":"http:\/\/www.blau-gold-roecke.de\/page\/wp-json\/wp\/v2\/comments?post=192"}],"version-history":[{"count":21,"href":"http:\/\/www.blau-gold-roecke.de\/page\/wp-json\/wp\/v2\/pages\/192\/revisions"}],"predecessor-version":[{"id":8874,"href":"http:\/\/www.blau-gold-roecke.de\/page\/wp-json\/wp\/v2\/pages\/192\/revisions\/8874"}],"wp:attachment":[{"href":"http:\/\/www.blau-gold-roecke.de\/page\/wp-json\/wp\/v2\/media?parent=192"}],"curies":[{"name":"wp","href":"https:\/\/api.w.org\/{rel}","templated":true}]}}