{"id":5311,"date":"2019-04-30T12:26:23","date_gmt":"2019-04-30T10:26:23","guid":{"rendered":"http:\/\/www.blau-gold-roecke.de\/page\/?page_id=5311"},"modified":"2019-05-16T09:18:59","modified_gmt":"2019-05-16T07:18:59","slug":"boogie-woogie-2","status":"publish","type":"page","link":"http:\/\/www.blau-gold-roecke.de\/page\/boogie-woogie-2\/","title":{"rendered":"Boogie-Woogie"},"content":{"rendered":"<div class=\"entry-content\">\n<p>Hallo!<\/p>\n<p>Willkommen auf der \u201dwild \u2013 side \u2013 of \u2013 life&#8220; Boogie\u2013Woogie<\/p>\n<p>Nein. Ganz so wild sind wir nun auch wieder nicht!<\/p>\n<p>Wir bieten im Bereich Rock\u2019n\u2019Roll (k\u00f6nnt Ihr auf dem folgenden Reiter des Hauptmen\u00fcs einsehen) und Boogie-Woogie f\u00fcr Jeden die M\u00f6glichkeit, diese sch\u00f6nen T\u00e4nze auszuprobieren. F\u00fcr Kids und Teens, sowie f\u00fcr mittlere und \u00e4ltere Semester .<\/p>\n<p>Unter qualifizierter Anleitung kann man \u201ejust for fun\u201c tanzen oder Turniersport betreiben.<\/p>\n<p>Wir haben verschiedene Gruppen, nach Alter und Zielen gestaffelt, und bieten regelm\u00e4\u00dfig Schnupperkurse an.<br \/>\nInformiert euch einfach auf diesen Seiten, wo, wann, was l\u00e4uft\u2026..<\/p>\n<p>Sch\u00f6ne Fotos von Auftritten bei diversen Festen haben wir in den Galerien eingestellt.<br \/>\nDenn buchen kann man uns auch.<\/p>\n<\/div>\n<p>Kontakt unter: <a href=\"mailto:sportwart-boogie-woogie@blau-gold-roecke.de\">Emailadresse &#8211; Sportwart(in) Boogie-Woogie<\/a><\/p>\n<div class=\"entry-content\">\n<p><a href=\"http:\/\/www.blau-gold-roecke.de\/page\/wp-content\/uploads\/2016\/12\/Boogie-3-1.jpg\" target=\"_blank\" rel=\"noopener noreferrer\"><img loading=\"lazy\" decoding=\"async\" class=\"alignleft wp-image-2318 size-thumbnail\" src=\"http:\/\/www.blau-gold-roecke.de\/page\/wp-content\/uploads\/2016\/12\/Boogie-3-1-150x150.jpg\" alt=\"\" width=\"150\" height=\"150\"><\/a><a href=\"http:\/\/www.blau-gold-roecke.de\/page\/wp-content\/uploads\/2016\/11\/Hauptseite-RR-BW-2-kl.jpg\" target=\"_blank\" rel=\"noopener noreferrer\"><img loading=\"lazy\" decoding=\"async\" class=\"alignright wp-image-104 size-thumbnail\" src=\"http:\/\/www.blau-gold-roecke.de\/page\/wp-content\/uploads\/2016\/11\/Hauptseite-RR-BW-2-kl-150x150.jpg\" alt=\"\" width=\"150\" height=\"150\"><\/a><a href=\"http:\/\/www.blau-gold-roecke.de\/page\/wp-content\/uploads\/2016\/12\/Boogie-4.jpg\" target=\"_blank\" rel=\"noopener noreferrer\"><img loading=\"lazy\" decoding=\"async\" class=\"aligncenter wp-image-2253 size-thumbnail\" src=\"http:\/\/www.blau-gold-roecke.de\/page\/wp-content\/uploads\/2016\/12\/Boogie-4-150x150.jpg\" alt=\"\" width=\"150\" height=\"150\"><\/a><\/p>\n<div id=\"attachment_5183\" style=\"width: 113px\" class=\"wp-caption alignleft\"><a href=\"http:\/\/www.blau-gold-roecke.de\/page\/boogie-woogie\/\"><img loading=\"lazy\" decoding=\"async\" aria-describedby=\"caption-attachment-5183\" class=\"wp-image-5183 size-full\" src=\"http:\/\/www.blau-gold-roecke.de\/page\/wp-content\/uploads\/2019\/03\/Piktogramm_Boogie.png\" alt=\"Link zur Boogie-Woogie-Seite\" width=\"103\" height=\"86\"><\/a><p id=\"caption-attachment-5183\" class=\"wp-caption-text\">Link zur Boogie-Woogie-Seite<\/p><\/div>\n<div id=\"attachment_5198\" style=\"width: 89px\" class=\"wp-caption alignright\"><a href=\"http:\/\/www.blau-gold-roecke.de\/page\/rocknroll\/\"><img loading=\"lazy\" decoding=\"async\" aria-describedby=\"caption-attachment-5198\" class=\"wp-image-5198 size-full\" src=\"http:\/\/www.blau-gold-roecke.de\/page\/wp-content\/uploads\/2019\/03\/Piktogramm_RnR-1.png\" alt=\"Link zur Rock'n'Roll-Seite\" width=\"79\" height=\"74\"><\/a><p id=\"caption-attachment-5198\" class=\"wp-caption-text\">Link zur Rock&#8217;n&#8217;Roll-Seite<\/p><\/div>\n<p>&nbsp;<\/p>\n<p><a href=\"http:\/\/www.blau-gold-roecke.de\/page\/wp-content\/uploads\/2018\/01\/Logo-komplett_klein.png\"><img loading=\"lazy\" decoding=\"async\" class=\"size-full wp-image-2615 aligncenter\" src=\"http:\/\/www.blau-gold-roecke.de\/page\/wp-content\/uploads\/2018\/01\/Logo-komplett_klein.png\" alt=\"\" width=\"100\" height=\"92\"><\/a><\/p>\n<\/div>\n<p>&nbsp;<\/p>\n<p>&nbsp;<\/p>\n<p>&nbsp;<\/p>\n<p>&nbsp;<\/p>\n","protected":false},"excerpt":{"rendered":"<p>Hallo! Willkommen auf der \u201dwild \u2013 side \u2013 of \u2013 life&#8220; Boogie\u2013Woogie Nein. Ganz so wild sind wir nun auch wieder nicht! Wir bieten im Bereich Rock\u2019n\u2019Roll (k\u00f6nnt Ihr auf dem folgenden Reiter des Hauptmen\u00fcs einsehen) und Boogie-Woogie f\u00fcr Jeden die M\u00f6glichkeit, diese sch\u00f6nen T\u00e4nze auszuprobieren. F\u00fcr Kids und Teens, sowie f\u00fcr mittlere und \u00e4ltere [&hellip;]<\/p>\n","protected":false},"author":1,"featured_media":0,"parent":0,"menu_order":0,"comment_status":"closed","ping_status":"closed","template":"","meta":{"ngg_post_thumbnail":0,"footnotes":""},"class_list":["post-5311","page","type-page","status-publish","hentry"],"_links":{"self":[{"href":"http:\/\/www.blau-gold-roecke.de\/page\/wp-json\/wp\/v2\/pages\/5311","targetHints":{"allow":["GET"]}}],"collection":[{"href":"http:\/\/www.blau-gold-roecke.de\/page\/wp-json\/wp\/v2\/pages"}],"about":[{"href":"http:\/\/www.blau-gold-roecke.de\/page\/wp-json\/wp\/v2\/types\/page"}],"author":[{"embeddable":true,"href":"http:\/\/www.blau-gold-roecke.de\/page\/wp-json\/wp\/v2\/users\/1"}],"replies":[{"embeddable":true,"href":"http:\/\/www.blau-gold-roecke.de\/page\/wp-json\/wp\/v2\/comments?post=5311"}],"version-history":[{"count":12,"href":"http:\/\/www.blau-gold-roecke.de\/page\/wp-json\/wp\/v2\/pages\/5311\/revisions"}],"predecessor-version":[{"id":5358,"href":"http:\/\/www.blau-gold-roecke.de\/page\/wp-json\/wp\/v2\/pages\/5311\/revisions\/5358"}],"wp:attachment":[{"href":"http:\/\/www.blau-gold-roecke.de\/page\/wp-json\/wp\/v2\/media?parent=5311"}],"curies":[{"name":"wp","href":"https:\/\/api.w.org\/{rel}","templated":true}]}}