{"id":8705,"date":"2023-09-05T11:07:15","date_gmt":"2023-09-05T09:07:15","guid":{"rendered":"http:\/\/www.blau-gold-roecke.de\/page\/?page_id=8705"},"modified":"2023-09-05T13:52:34","modified_gmt":"2023-09-05T11:52:34","slug":"spenden-und-helfen","status":"publish","type":"page","link":"http:\/\/www.blau-gold-roecke.de\/page\/spenden-und-helfen\/","title":{"rendered":"Spenden und Helfen!"},"content":{"rendered":"<p>Der TSC Blau-Gold R\u00f6cke e.V. ist ein gemeinn\u00fctziger Verein.<br \/>\nWir betreiben sehr erfolgreich Kinder- und Jugendf\u00f6rderung in der Sparte Rock&#8217;n&#8217;Roll.<br \/>\nDazu geh\u00f6rt auch die F\u00f6rderung des Leistungssports. Unsere Kinder und Jugendlichen nehmen an Turnieren teil, was mit zus\u00e4tzlichem Aufwand f\u00fcr Training, Sportkleidung und Fahrten verbunden ist.<\/p>\n<p><a title=\"Turnier-Video\" href=\"http:\/\/www.facebook.com\/michael.elbing.de\/videos\/899726744484456\" target=\"_blank\" rel=\"noopener\">Turnier Barsinghausen<\/a><\/p>\n<p>Wir w\u00fcrden uns freuen, wenn Sie\/Ihre Firma dies unterst\u00fczen w\u00fcrden.<\/p>\n<p>Nat\u00fcrlich erhalten Sie auch eine Spendenbescheinigung hierf\u00fcr. Gern werden Sie auch als Sponsor auf unserer Homepage mit Bild genannt, sofern dies gew\u00fcnscht wird.<\/p>\n<p>Wenn Sie spenden wollen, schreiben Sie uns einfach an unter<\/p>\n<p><a title=\"Mail Kassenwartin\" href=\"mailto:org@blau-gold-roecke.de\">Kassenwartin<\/a> oder <a title=\"Maildadresse 1. Vorsitzender\" href=\"mailto:1.vorsitzender@blau-gold-roecke.de\">1. Vorstitzender<\/a><\/p>\n<p>Unser Konto ist:<\/p>\n<p><b><u>Spendenkonto<\/u><\/b><br \/>\n<b>Verein e.V.<\/b><br \/>\nIBAN: <span class=\"mat-select-value-text ng-tns-c38-3 ng-star-inserted\"><span class=\"konto-iban\" aria-hidden=\"true\" aria-labelledby=\"label-lm4vgh4b\" data-e2e-konto-item-iban=\"\"><span class=\"ng-star-inserted\" aria-hidden=\"true\">DE79 2559 1413<\/span> <strong class=\"ng-star-inserted\" aria-hidden=\"true\"> 0079 0001 00<\/strong><\/span><\/span><br \/>\nBIC: GENODEF1BCK<br \/>\nBank: Volksbank Schaumburg und Nienburg e.G.<\/p>\n<p>&nbsp;<\/p>\n<p>Sie k\u00f6nnen auch per Paypal spenden:<\/p>\n<p><strong><a title=\"Paypal\" href=\"https:\/\/www.paypal.com\/paypalme\/TSCBGR?v=1&amp;utm_source=unp&amp;utm_medium=email&amp;utm_campaign=RT000481&amp;utm_unptid=10540e92-4be2-11ee-8535-40a6b729329d&amp;ppid=RT000481&amp;cnac=DE&amp;rsta=de_DE%28de-DE%29&amp;cust=QU4P5K327Z9RN&amp;unptid=10540e92-4be2-11ee-8535-40a6b729329d&amp;calc=f601360082d49&amp;unp_tpcid=ppme-social-business-profile-created&amp;page=main%3Aemail%3ART000481&amp;pgrp=main%3Aemail&amp;e=cl&amp;mchn=em&amp;s=ci&amp;mail=sys&amp;appVersion=1.200.0&amp;xt=104038%2C127632\" target=\"_blank\" rel=\"nofollow noopener noreferrer\">Spende per Paypal<\/a><\/strong><\/p>\n<p>&nbsp;<\/p>\n","protected":false},"excerpt":{"rendered":"<p>Der TSC Blau-Gold R\u00f6cke e.V. ist ein gemeinn\u00fctziger Verein. Wir betreiben sehr erfolgreich Kinder- und Jugendf\u00f6rderung in der Sparte Rock&#8217;n&#8217;Roll. Dazu geh\u00f6rt auch die F\u00f6rderung des Leistungssports. Unsere Kinder und Jugendlichen nehmen an Turnieren teil, was mit zus\u00e4tzlichem Aufwand f\u00fcr Training, Sportkleidung und Fahrten verbunden ist. Turnier Barsinghausen Wir w\u00fcrden uns freuen, wenn Sie\/Ihre Firma [&hellip;]<\/p>\n","protected":false},"author":2,"featured_media":0,"parent":0,"menu_order":0,"comment_status":"closed","ping_status":"closed","template":"","meta":{"ngg_post_thumbnail":0,"footnotes":""},"class_list":["post-8705","page","type-page","status-publish","hentry"],"_links":{"self":[{"href":"http:\/\/www.blau-gold-roecke.de\/page\/wp-json\/wp\/v2\/pages\/8705","targetHints":{"allow":["GET"]}}],"collection":[{"href":"http:\/\/www.blau-gold-roecke.de\/page\/wp-json\/wp\/v2\/pages"}],"about":[{"href":"http:\/\/www.blau-gold-roecke.de\/page\/wp-json\/wp\/v2\/types\/page"}],"author":[{"embeddable":true,"href":"http:\/\/www.blau-gold-roecke.de\/page\/wp-json\/wp\/v2\/users\/2"}],"replies":[{"embeddable":true,"href":"http:\/\/www.blau-gold-roecke.de\/page\/wp-json\/wp\/v2\/comments?post=8705"}],"version-history":[{"count":5,"href":"http:\/\/www.blau-gold-roecke.de\/page\/wp-json\/wp\/v2\/pages\/8705\/revisions"}],"predecessor-version":[{"id":8713,"href":"http:\/\/www.blau-gold-roecke.de\/page\/wp-json\/wp\/v2\/pages\/8705\/revisions\/8713"}],"wp:attachment":[{"href":"http:\/\/www.blau-gold-roecke.de\/page\/wp-json\/wp\/v2\/media?parent=8705"}],"curies":[{"name":"wp","href":"https:\/\/api.w.org\/{rel}","templated":true}]}}