{"id":98,"date":"2016-11-27T17:25:46","date_gmt":"2016-11-27T16:25:46","guid":{"rendered":"http:\/\/www.blau-gold-roecke.de\/page\/?page_id=98"},"modified":"2019-04-11T16:45:12","modified_gmt":"2019-04-11T14:45:12","slug":"satzung","status":"publish","type":"page","link":"http:\/\/www.blau-gold-roecke.de\/page\/satzung\/","title":{"rendered":"Satzung"},"content":{"rendered":"<p style=\"text-align: center;\"><a href=\"http:\/\/www.blau-gold-roecke.de\/page\/wp-content\/uploads\/2016\/11\/SATZUNG-2016.pdf\" target=\"_blank\" rel=\"noopener noreferrer\">S A T Z U N G<\/a><\/p>\n<p style=\"text-align: center;\">des<\/p>\n<p style=\"text-align: center;\">Tanz-Sport-Club Blau-Gold R\u00f6cke e.V.<\/p>\n<p style=\"text-align: center;\">Beschlossen auf der Gr\u00fcndungsversammlung am 18.02.1988 in B\u00fcckeburg,<br \/>\nge\u00e4ndert am 11. September 1994, 27. M\u00e4rz 1996 und 14. M\u00e4rz 2006<br \/>\naktuelle Fassung vom 09.03.2016<\/p>\n","protected":false},"excerpt":{"rendered":"<p>S A T Z U N G des Tanz-Sport-Club Blau-Gold R\u00f6cke e.V. Beschlossen auf der Gr\u00fcndungsversammlung am 18.02.1988 in B\u00fcckeburg, ge\u00e4ndert am 11. September 1994, 27. M\u00e4rz 1996 und 14. M\u00e4rz 2006 aktuelle Fassung vom 09.03.2016<\/p>\n","protected":false},"author":1,"featured_media":0,"parent":0,"menu_order":0,"comment_status":"closed","ping_status":"closed","template":"","meta":{"ngg_post_thumbnail":0,"footnotes":""},"class_list":["post-98","page","type-page","status-publish","hentry"],"_links":{"self":[{"href":"http:\/\/www.blau-gold-roecke.de\/page\/wp-json\/wp\/v2\/pages\/98","targetHints":{"allow":["GET"]}}],"collection":[{"href":"http:\/\/www.blau-gold-roecke.de\/page\/wp-json\/wp\/v2\/pages"}],"about":[{"href":"http:\/\/www.blau-gold-roecke.de\/page\/wp-json\/wp\/v2\/types\/page"}],"author":[{"embeddable":true,"href":"http:\/\/www.blau-gold-roecke.de\/page\/wp-json\/wp\/v2\/users\/1"}],"replies":[{"embeddable":true,"href":"http:\/\/www.blau-gold-roecke.de\/page\/wp-json\/wp\/v2\/comments?post=98"}],"version-history":[{"count":2,"href":"http:\/\/www.blau-gold-roecke.de\/page\/wp-json\/wp\/v2\/pages\/98\/revisions"}],"predecessor-version":[{"id":5294,"href":"http:\/\/www.blau-gold-roecke.de\/page\/wp-json\/wp\/v2\/pages\/98\/revisions\/5294"}],"wp:attachment":[{"href":"http:\/\/www.blau-gold-roecke.de\/page\/wp-json\/wp\/v2\/media?parent=98"}],"curies":[{"name":"wp","href":"https:\/\/api.w.org\/{rel}","templated":true}]}}